{"id":3547,"date":"2020-09-25T11:46:50","date_gmt":"2020-09-25T11:46:50","guid":{"rendered":"https:\/\/www.medicalskincare.be\/moedervlekjes-wratjes\/"},"modified":"2021-04-01T12:05:25","modified_gmt":"2021-04-01T12:05:25","slug":"grains-de-beaute-et-verrues","status":"publish","type":"page","link":"https:\/\/www.medicalskincare.be\/fr\/traitement-au-laser\/grains-de-beaute-et-verrues\/","title":{"rendered":"Grains de beaut\u00e9 et verrues"},"content":{"rendered":"<section class=\"wpb-content-wrapper\"><div id=\"about\" data-vc-full-width=\"true\" data-vc-full-width-init=\"false\" class=\"vc_row wpb_row vc_row-fluid vc_custom_1578411977789 vc_row_158140800\"><div class=\"wpb_column vc_column_container vc_col-sm-12\"><div class=\"vc_column-inner vc_custom_1578405419236\"><div class=\"wpb_wrapper\"><div class=\"vc_row wpb_row vc_inner vc_row-fluid vc_custom_1578384249929 vc_column-gap-30 vc_row_125286430\"><div class=\"wpb_column vc_column_container vc_col-sm-12\"><div class=\"vc_column-inner \"><div class=\"wpb_wrapper\">\n\t<div class=\"wpb_raw_code wpb_content_element wpb_raw_html vc_custom_1602082899279\" >\n\t\t<div class=\"wpb_wrapper\">\n\t\t\t<div class=\"icon-purple-circle-svg\"><img src=\"\/wp-content\/uploads\/2019\/11\/Lasertherapie.svg\"><\/div>\n\t\t<\/div>\n\t<\/div>\n<\/div><\/div><\/div><style type=\"text\/css\">@media (max-width: 1025px) { #content .vc_row_125286430 { margin: 0px 0px 0px 0px!important;}}@media (max-width: 800px) { #content .vc_row_125286430 { margin: 0px 0px 0px 0px!important;}}<\/style><\/div>\r\n<div class=\"sh-heading\" id=\"heading-Kld3LEwejr\">\r\n\r\n\t\r\n\t\t<h1 class=\"sh-heading-content size-xxxl text-center\">\r\n\t\t\tGRAINS DE BEAUT\u00c9 ET VERRUES\t\t<\/h1>\r\n\r\n\t\r\n<\/div>\r\n            <style type=\"text\/css\">\r\n                #heading-Kld3LEwejr {margin: 0px 0px 25px 0px;}#heading-Kld3LEwejr .sh-heading-content {font-weight: 300!important;color: #7e3687;}#heading-Kld3LEwejr .sh-heading-content,#heading-Kld3LEwejr .sh-heading-additional-text {font-family: 'Raleway'!important;}            <\/style>\r\n        <div class=\"vc_row wpb_row vc_inner vc_row-fluid vc_column-gap-30 vc_row_1774235776\"><div class=\"wpb_column vc_column_container vc_col-sm-1\"><div class=\"vc_column-inner \"><div class=\"wpb_wrapper\"><\/div><\/div><\/div><div class=\"wpb_column vc_column_container vc_col-sm-10 vc_column_157718478\"><div class=\"vc_column-inner vc_custom_1573117965370\"><div class=\"wpb_wrapper\">\r\n<div class=\"sh-heading\" id=\"heading-coY9qh671W\">\r\n\r\n\t\r\n\t\t<h3 class=\"sh-heading-content size-m text-center\">\r\n\t\t\tSi vous \u00eates g\u00ean\u00e9 par des grains de beaut\u00e9 b\u00e9nins, mais d\u00e9rangeants d\u2019un point de vue cosm\u00e9tique ou par des verrues, nous pouvons les traiter avec une grande pr\u00e9cision par chirurgie au laser.\t\t<\/h3>\r\n\r\n\t\r\n<\/div>\r\n            <style type=\"text\/css\">\r\n                #heading-coY9qh671W {}#heading-coY9qh671W .sh-heading-content {line-height: 30px!important;font-weight: 200!important;color: #000000;}#heading-coY9qh671W .sh-heading-content,#heading-coY9qh671W .sh-heading-additional-text {font-family: 'Raleway'!important;}            <\/style>\r\n        \r\n<div id=\"button-kj2FgKU4S5\" class=\"sh-button-container sh-button-style-1\">\r\n\t<a href=\"\/fr\/contact\" target=\"_self\" class=\"sh-button sh-button-medium \">\r\n\r\n\t\t\r\n\t\t\t\t\t<span class=\"sh-button-text\">\r\n\t\t\t\tPrenez rendez-vous d\u00e8s maintenant\t\t\t<\/span>\r\n\t\t\r\n\t\t\r\n\t<\/a>\r\n\t<\/div>\r\n            <style type=\"text\/css\">\r\n                #button-kj2FgKU4S5 .sh-button {font-size: 14px;border-radius: 45px;background-color: #7e3687;color: #ffffff;border: 2px solid transparent;border: 2px solid #7e3687;}#button-kj2FgKU4S5 {margin: 40px 0px 0px 0px;text-align: center;}#button-kj2FgKU4S5:not(.sh-button-style-2) .sh-button:hover {background-color: #cf95be;color: #ffffff;border: 2px solid #7e3687;}#button-kj2FgKU4S5.sh-button-style-2 .sh-button:after {background-color: #cf95be;}#button-kj2FgKU4S5.sh-button-style-2 .sh-button:hover {color: #ffffff;border: 2px solid #7e3687;}@media (max-width: 800px) {#button-kj2FgKU4S5 {text-align: center;}}            <\/style>\r\n        <style type=\"text\/css\">@media (max-width: 800px) { #content .vc_column_157718478 > .vc_column-inner { padding: 0px 0px 0px 0px!important;}}<\/style><\/div><\/div><\/div><div class=\"wpb_column vc_column_container vc_col-sm-1 vc_hidden-sm vc_hidden-xs\"><div class=\"vc_column-inner \"><div class=\"wpb_wrapper\"><\/div><\/div><\/div><style type=\"text\/css\">@media (max-width: 1025px) { #content .vc_row_1774235776 { margin: 0px 0px 0px 0px!important;}}@media (max-width: 800px) { #content .vc_row_1774235776 { margin: 0px 0px 0px 0px!important;}}<\/style><\/div><\/div><\/div><\/div><style type=\"text\/css\">@media (max-width: 800px) { #content .vc_row_158140800 { padding: 70px 30px 70px 30px!important;}}<\/style><\/div><div class=\"vc_row-full-width vc_clearfix\"><\/div><div data-vc-full-width=\"true\" data-vc-full-width-init=\"false\" class=\"vc_row wpb_row vc_row-fluid gold-bg home-icons vc_custom_1578412083904 vc_row-has-fill vc_row_351108494\"><div class=\"wpb_column vc_column_container vc_col-sm-12\"><div class=\"vc_column-inner vc_custom_1578399491496\"><div class=\"wpb_wrapper\"><div id=\"derma-top-and-bottom\" class=\"vc_row wpb_row vc_inner vc_row-fluid align-center vc_custom_1602508472700 vc_row-has-fill vc_row-o-equal-height vc_row-o-content-middle vc_row-flex vc_row_821415041\"><div class=\"border-radius wpb_column vc_column_container vc_col-sm-6 vc_col-has-fill vc_column_1562456542\"><div class=\"vc_column-inner vc_custom_1602508452124\"><div class=\"wpb_wrapper\"><div class=\"vc_empty_space\"   style=\"height: 300px\"><span class=\"vc_empty_space_inner\"><\/span><\/div><style type=\"text\/css\">@media (max-width: 800px) { #content .vc_column_1562456542 > .vc_column-inner { padding: 25px 15px 0px 15px!important;}}<\/style><\/div><\/div><\/div><div class=\"derma-round-corners-right wpb_column vc_column_container vc_col-sm-6 vc_col-has-fill vc_column_617760277\"><div class=\"vc_column-inner vc_custom_1578411686347\"><div class=\"wpb_wrapper\">\r\n<div class=\"sh-heading\" id=\"heading-yT4DuUoxat\">\r\n\r\n\t\r\n\t\t<h5 class=\"sh-heading-content size-m text-left\">\r\n\t\t\tTraitement\t\t<\/h5>\r\n\r\n\t\r\n<\/div>\r\n            <style type=\"text\/css\">\r\n                #heading-yT4DuUoxat {margin: 0px 0px 7px 0px;}#heading-yT4DuUoxat .sh-heading-content {font-weight: 700!important;color: #7e3687;}#heading-yT4DuUoxat .sh-heading-content,#heading-yT4DuUoxat .sh-heading-additional-text {font-family: 'Raleway'!important;}            <\/style>\r\n        \n\t<div class=\"wpb_text_column wpb_content_element \" >\n\t\t<div class=\"wpb_wrapper\">\n\t\t\t<p class=\"p1\"><span class=\"s1\">Les grains de beaut\u00e9 sont pour ainsi dire rabot\u00e9s sous anesth\u00e9sie locale, ce qui leur permet ensuite de cicatriser sans trace, ou presque. Naturellement, tous les grains de beaut\u00e9 ne peuvent pas \u00eatre retir\u00e9s de cette mani\u00e8re, votre m\u00e9decin le d\u00e9terminera avec vous.<\/span><\/p>\n\n\t\t<\/div>\n\t<\/div>\n<style type=\"text\/css\">@media (max-width: 800px) { #content .vc_column_617760277 > .vc_column-inner { padding: 15px 15px 0px 15px!important;}}<\/style><\/div><\/div><\/div><style type=\"text\/css\">@media (max-width: 800px) { #content .vc_row_821415041 { padding: 25px 25px 25px 25px!important;}}@media (max-width: 800px) { #content .vc_row_821415041 { margin: 15px 15px 0px 15px!important;}}<\/style><\/div><\/div><\/div><\/div><style type=\"text\/css\">@media (max-width: 800px) { #content .vc_row_351108494 { padding: 15px 0px 15px 0px!important;}}<\/style><\/div><div class=\"vc_row-full-width vc_clearfix\"><\/div>\n<\/section>","protected":false},"excerpt":{"rendered":"<p>GRAINS DE BEAUT\u00c9 ET VERRUES Si vous \u00eates g\u00ean\u00e9 par des grains de beaut\u00e9 b\u00e9nins, mais d\u00e9rangeants d\u2019un point de&#8230;<\/p>\n","protected":false},"author":1,"featured_media":0,"parent":3553,"menu_order":0,"comment_status":"closed","ping_status":"closed","template":"","meta":{"inline_featured_image":false},"yoast_head":"<!-- This site is optimized with the Yoast SEO plugin v15.6.2 - https:\/\/yoast.com\/wordpress\/plugins\/seo\/ -->\n<title>Grains de beaut\u00e9 et verrues | Medical Skincare - Traitements esth\u00e9tiques<\/title>\n<meta name=\"description\" content=\"Si vous \u00eates g\u00ean\u00e9 par des grains de beaut\u00e9 ou par des verrues, nous pouvons les traiter avec une grande pr\u00e9cision par chirurgie au laser.\" \/>\n<meta name=\"robots\" content=\"index, follow, max-snippet:-1, max-image-preview:large, max-video-preview:-1\" \/>\n<link rel=\"canonical\" href=\"https:\/\/www.medicalskincare.be\/fr\/traitement-au-laser\/grains-de-beaute-et-verrues\/\" \/>\n<meta property=\"og:locale\" content=\"fr_FR\" \/>\n<meta property=\"og:type\" content=\"article\" \/>\n<meta property=\"og:title\" content=\"Grains de beaut\u00e9 et verrues | Medical Skincare - Traitements esth\u00e9tiques\" \/>\n<meta property=\"og:description\" content=\"Si vous \u00eates g\u00ean\u00e9 par des grains de beaut\u00e9 ou par des verrues, nous pouvons les traiter avec une grande pr\u00e9cision par chirurgie au laser.\" \/>\n<meta property=\"og:url\" content=\"https:\/\/www.medicalskincare.be\/fr\/traitement-au-laser\/grains-de-beaute-et-verrues\/\" \/>\n<meta property=\"og:site_name\" content=\"Medical Skincare\" \/>\n<meta property=\"article:modified_time\" content=\"2021-04-01T12:05:25+00:00\" \/>\n<meta name=\"twitter:card\" content=\"summary_large_image\" \/>\n<script type=\"application\/ld+json\" class=\"yoast-schema-graph\">{\"@context\":\"https:\/\/schema.org\",\"@graph\":[{\"@type\":\"Organization\",\"@id\":\"https:\/\/www.medicalskincare.be\/fr\/#organization\",\"name\":\"Medical Skincare\",\"url\":\"https:\/\/www.medicalskincare.be\/fr\/\",\"sameAs\":[],\"logo\":{\"@type\":\"ImageObject\",\"@id\":\"https:\/\/www.medicalskincare.be\/fr\/#logo\",\"inLanguage\":\"fr-FR\",\"url\":\"https:\/\/www.medicalskincare.be\/wp-content\/uploads\/2019\/11\/Untitled-2.png\",\"width\":250,\"height\":250,\"caption\":\"Medical Skincare\"},\"image\":{\"@id\":\"https:\/\/www.medicalskincare.be\/fr\/#logo\"}},{\"@type\":\"WebSite\",\"@id\":\"https:\/\/www.medicalskincare.be\/fr\/#website\",\"url\":\"https:\/\/www.medicalskincare.be\/fr\/\",\"name\":\"Medical Skincare\",\"description\":\"Uw partner in dermatologie en esthetiek.\",\"publisher\":{\"@id\":\"https:\/\/www.medicalskincare.be\/fr\/#organization\"},\"potentialAction\":[{\"@type\":\"SearchAction\",\"target\":\"https:\/\/www.medicalskincare.be\/fr\/?s={search_term_string}\",\"query-input\":\"required name=search_term_string\"}],\"inLanguage\":\"fr-FR\"},{\"@type\":\"WebPage\",\"@id\":\"https:\/\/www.medicalskincare.be\/fr\/traitement-au-laser\/grains-de-beaute-et-verrues\/#webpage\",\"url\":\"https:\/\/www.medicalskincare.be\/fr\/traitement-au-laser\/grains-de-beaute-et-verrues\/\",\"name\":\"Grains de beaut\\u00e9 et verrues | Medical Skincare - Traitements esth\\u00e9tiques\",\"isPartOf\":{\"@id\":\"https:\/\/www.medicalskincare.be\/fr\/#website\"},\"datePublished\":\"2020-09-25T11:46:50+00:00\",\"dateModified\":\"2021-04-01T12:05:25+00:00\",\"description\":\"Si vous \\u00eates g\\u00ean\\u00e9 par des grains de beaut\\u00e9 ou par des verrues, nous pouvons les traiter avec une grande pr\\u00e9cision par chirurgie au laser.\",\"inLanguage\":\"fr-FR\",\"potentialAction\":[{\"@type\":\"ReadAction\",\"target\":[\"https:\/\/www.medicalskincare.be\/fr\/traitement-au-laser\/grains-de-beaute-et-verrues\/\"]}]}]}<\/script>\n<!-- \/ Yoast SEO plugin. -->","_links":{"self":[{"href":"https:\/\/www.medicalskincare.be\/fr\/wp-json\/wp\/v2\/pages\/3547"}],"collection":[{"href":"https:\/\/www.medicalskincare.be\/fr\/wp-json\/wp\/v2\/pages"}],"about":[{"href":"https:\/\/www.medicalskincare.be\/fr\/wp-json\/wp\/v2\/types\/page"}],"author":[{"embeddable":true,"href":"https:\/\/www.medicalskincare.be\/fr\/wp-json\/wp\/v2\/users\/1"}],"replies":[{"embeddable":true,"href":"https:\/\/www.medicalskincare.be\/fr\/wp-json\/wp\/v2\/comments?post=3547"}],"version-history":[{"count":3,"href":"https:\/\/www.medicalskincare.be\/fr\/wp-json\/wp\/v2\/pages\/3547\/revisions"}],"predecessor-version":[{"id":3919,"href":"https:\/\/www.medicalskincare.be\/fr\/wp-json\/wp\/v2\/pages\/3547\/revisions\/3919"}],"up":[{"embeddable":true,"href":"https:\/\/www.medicalskincare.be\/fr\/wp-json\/wp\/v2\/pages\/3553"}],"wp:attachment":[{"href":"https:\/\/www.medicalskincare.be\/fr\/wp-json\/wp\/v2\/media?parent=3547"}],"curies":[{"name":"wp","href":"https:\/\/api.w.org\/{rel}","templated":true}]}}