{"id":3520,"date":"2020-09-25T12:54:14","date_gmt":"2020-09-25T12:54:14","guid":{"rendered":"https:\/\/www.medicalskincare.be\/pigmentvlek\/"},"modified":"2021-03-05T12:04:42","modified_gmt":"2021-03-05T12:04:42","slug":"tache-pigmentee","status":"publish","type":"page","link":"https:\/\/www.medicalskincare.be\/fr\/peelings\/tache-pigmentee\/","title":{"rendered":"Tache pigment\u00e9e"},"content":{"rendered":"<section class=\"wpb-content-wrapper\"><div id=\"about\" data-vc-full-width=\"true\" data-vc-full-width-init=\"false\" class=\"vc_row wpb_row vc_row-fluid vc_custom_1578411977789 vc_row_1672935268\"><div class=\"wpb_column vc_column_container vc_col-sm-12\"><div class=\"vc_column-inner vc_custom_1578405419236\"><div class=\"wpb_wrapper\"><div class=\"vc_row wpb_row vc_inner vc_row-fluid vc_custom_1578384249929 vc_column-gap-30 vc_row_100433358\"><div class=\"wpb_column vc_column_container vc_col-sm-12\"><div class=\"vc_column-inner \"><div class=\"wpb_wrapper\">\n\t<div class=\"wpb_raw_code wpb_content_element wpb_raw_html vc_custom_1601037704428\" >\n\t\t<div class=\"wpb_wrapper\">\n\t\t\t<div class=\"icon-purple-circle-svg\"><img src=\"\/wp-content\/uploads\/2019\/11\/Peelings.svg\"><\/div>\n\t\t<\/div>\n\t<\/div>\n<\/div><\/div><\/div><style type=\"text\/css\">@media (max-width: 1025px) { #content .vc_row_100433358 { margin: 0px 0px 0px 0px!important;}}@media (max-width: 800px) { #content .vc_row_100433358 { margin: 0px 0px 0px 0px!important;}}<\/style><\/div>\r\n<div class=\"sh-heading\" id=\"heading-egsT2Afj0B\">\r\n\r\n\t\r\n\t\t<h1 class=\"sh-heading-content size-xxxl text-center\">\r\n\t\t\tTACHE PIGMENT\u00c9E\t\t<\/h1>\r\n\r\n\t\r\n<\/div>\r\n            <style type=\"text\/css\">\r\n                #heading-egsT2Afj0B {margin: 0px 0px 25px 0px;}#heading-egsT2Afj0B .sh-heading-content {font-weight: 300!important;color: #7e3687;}#heading-egsT2Afj0B .sh-heading-content,#heading-egsT2Afj0B .sh-heading-additional-text {font-family: 'Raleway'!important;}            <\/style>\r\n        <div class=\"vc_row wpb_row vc_inner vc_row-fluid vc_column-gap-30 vc_row_351080237\"><div class=\"wpb_column vc_column_container vc_col-sm-1\"><div class=\"vc_column-inner \"><div class=\"wpb_wrapper\"><\/div><\/div><\/div><div class=\"wpb_column vc_column_container vc_col-sm-10 vc_column_1915199199\"><div class=\"vc_column-inner vc_custom_1573117965370\"><div class=\"wpb_wrapper\">\r\n<div class=\"sh-heading\" id=\"heading-mX9qLGCYkF\">\r\n\r\n\t\r\n\t\t<h3 class=\"sh-heading-content size-m text-center\">\r\n\t\t\tLes taches pigment\u00e9es peuvent \u00eatre trait\u00e9es de diff\u00e9rentes mani\u00e8res selon le type et l\u2019\u00e9tendue des taches. Nous proposons plusieurs peelings qui peuvent traiter ce probl\u00e8me tout en am\u00e9liorant la texture de la peau. Une bonne protection solaire reste toujours importante pour lutter contre les taches pigment\u00e9es. N\u2019h\u00e9sitez pas \u00e0 venir nous voir pour d\u00e9terminer quel peeling conviendra le mieux \u00e0 votre type de peau et \u00e0 la tache pigment\u00e9e.\t\t<\/h3>\r\n\r\n\t\r\n<\/div>\r\n            <style type=\"text\/css\">\r\n                #heading-mX9qLGCYkF {}#heading-mX9qLGCYkF .sh-heading-content {line-height: 30px!important;font-weight: 200!important;color: #000000;}#heading-mX9qLGCYkF .sh-heading-content,#heading-mX9qLGCYkF .sh-heading-additional-text {font-family: 'Raleway'!important;}            <\/style>\r\n        \r\n<div id=\"button-mFfBTbghV3\" class=\"sh-button-container sh-button-style-1\">\r\n\t<a href=\"\/fr\/contact\" target=\"_self\" class=\"sh-button sh-button-medium \">\r\n\r\n\t\t\r\n\t\t\t\t\t<span class=\"sh-button-text\">\r\n\t\t\t\t Prenez rendez-vous d\u00e8s maintenant\t\t\t<\/span>\r\n\t\t\r\n\t\t\r\n\t<\/a>\r\n\t<\/div>\r\n            <style type=\"text\/css\">\r\n                #button-mFfBTbghV3 .sh-button {font-size: 14px;border-radius: 45px;background-color: #7e3687;color: #ffffff;border: 2px solid transparent;border: 2px solid #7e3687;}#button-mFfBTbghV3 {margin: 40px 0px 0px 0px;text-align: center;}#button-mFfBTbghV3:not(.sh-button-style-2) .sh-button:hover {background-color: #cf95be;color: #ffffff;border: 2px solid #7e3687;}#button-mFfBTbghV3.sh-button-style-2 .sh-button:after {background-color: #cf95be;}#button-mFfBTbghV3.sh-button-style-2 .sh-button:hover {color: #ffffff;border: 2px solid #7e3687;}@media (max-width: 800px) {#button-mFfBTbghV3 {text-align: center;}}            <\/style>\r\n        <style type=\"text\/css\">@media (max-width: 800px) { #content .vc_column_1915199199 > .vc_column-inner { padding: 0px 0px 0px 0px!important;}}<\/style><\/div><\/div><\/div><div class=\"wpb_column vc_column_container vc_col-sm-1 vc_hidden-sm vc_hidden-xs\"><div class=\"vc_column-inner \"><div class=\"wpb_wrapper\"><\/div><\/div><\/div><style type=\"text\/css\">@media (max-width: 1025px) { #content .vc_row_351080237 { margin: 0px 0px 0px 0px!important;}}@media (max-width: 800px) { #content .vc_row_351080237 { margin: 0px 0px 0px 0px!important;}}<\/style><\/div><\/div><\/div><\/div><style type=\"text\/css\">@media (max-width: 800px) { #content .vc_row_1672935268 { padding: 70px 30px 70px 30px!important;}}<\/style><\/div><div class=\"vc_row-full-width vc_clearfix\"><\/div><div data-vc-full-width=\"true\" data-vc-full-width-init=\"false\" class=\"vc_row wpb_row vc_row-fluid gold-bg home-icons hide_row_on_mobile vc_custom_1606865638472 vc_row-has-fill vc_row_60333023\"><div class=\"wpb_column vc_column_container vc_col-sm-12 vc_hidden-xs\"><div class=\"vc_column-inner vc_custom_1606814217906\"><div class=\"wpb_wrapper\"><div class=\"vc_row wpb_row vc_inner vc_row-fluid align-center vc_custom_1578488798968 vc_row-has-fill vc_column-gap-25 vc_row-o-equal-height vc_row-o-content-middle vc_row-flex vc_row_1770349869\"><div class=\"border-radius wpb_column vc_column_container vc_col-sm-12 vc_hidden-xs vc_col-has-fill vc_column_1753390251\"><div class=\"vc_column-inner vc_custom_1606814211321\"><div class=\"wpb_wrapper\"><div class=\"vc_empty_space\"   style=\"height: 450px\"><span class=\"vc_empty_space_inner\"><\/span><\/div><style type=\"text\/css\">@media (max-width: 800px) { #content .vc_column_1753390251 > .vc_column-inner { padding: 25px 15px 0px 15px!important;}}<\/style><\/div><\/div><\/div><style type=\"text\/css\">@media (max-width: 800px) { #content .vc_row_1770349869 { padding: 25px 25px 25px 25px!important;}}@media (max-width: 800px) { #content .vc_row_1770349869 { margin: 15px 15px 0px 15px!important;}}<\/style><\/div><\/div><\/div><\/div><style type=\"text\/css\">@media (max-width: 800px) { #content .vc_row_60333023 { padding: 15px 0px 15px 0px!important;}}<\/style><\/div><div class=\"vc_row-full-width vc_clearfix\"><\/div><div data-vc-full-width=\"true\" data-vc-full-width-init=\"false\" class=\"vc_row wpb_row vc_row-fluid gold-bg home-icons hide_row_on_desktop vc_custom_1606865647402 vc_row-has-fill vc_row_812081421\"><div class=\"wpb_column vc_column_container vc_col-sm-12 vc_hidden-lg vc_hidden-md vc_hidden-sm\"><div class=\"vc_column-inner vc_custom_1606814201994\"><div class=\"wpb_wrapper\"><div class=\"vc_row wpb_row vc_inner vc_row-fluid align-center vc_custom_1578488798968 vc_row-has-fill vc_column-gap-25 vc_row-o-equal-height vc_row-o-content-middle vc_row-flex vc_row_140899941\"><div class=\"border-radius wpb_column vc_column_container vc_col-sm-12 vc_hidden-lg vc_hidden-md vc_hidden-sm vc_col-has-fill vc_column_1812064910\"><div class=\"vc_column-inner vc_custom_1606814196039\"><div class=\"wpb_wrapper\"><div class=\"vc_empty_space\"   style=\"height: 225px\"><span class=\"vc_empty_space_inner\"><\/span><\/div><style type=\"text\/css\">@media (max-width: 800px) { #content .vc_column_1812064910 > .vc_column-inner { padding: 25px 15px 0px 15px!important;}}<\/style><\/div><\/div><\/div><style type=\"text\/css\">@media (max-width: 800px) { #content .vc_row_140899941 { padding: 25px 25px 25px 25px!important;}}@media (max-width: 800px) { #content .vc_row_140899941 { margin: 15px 15px 0px 15px!important;}}<\/style><\/div><\/div><\/div><\/div><style type=\"text\/css\">@media (max-width: 800px) { #content .vc_row_812081421 { padding: 15px 0px 15px 0px!important;}}<\/style><\/div><div class=\"vc_row-full-width vc_clearfix\"><\/div>\n<\/section>","protected":false},"excerpt":{"rendered":"<p>TACHE PIGMENT\u00c9E Les taches pigment\u00e9es peuvent \u00eatre trait\u00e9es de diff\u00e9rentes mani\u00e8res selon le type et l\u2019\u00e9tendue des taches. Nous proposons&#8230;<\/p>\n","protected":false},"author":1,"featured_media":0,"parent":3530,"menu_order":0,"comment_status":"closed","ping_status":"closed","template":"","meta":{"inline_featured_image":false},"yoast_head":"<!-- This site is optimized with the Yoast SEO plugin v15.6.2 - https:\/\/yoast.com\/wordpress\/plugins\/seo\/ -->\n<title>Tache pigment\u00e9e | Medical Skincare - traitements esth\u00e9tiques<\/title>\n<meta name=\"description\" content=\"Nous proposons diff\u00e9rents peelings pour traiter les taches pigment\u00e9es. N\u2019h\u00e9sitez pas \u00e0 venir nous voir pour d\u00e9terminer quel peeling conviendra le mieux \u00e0 votre type de peau et \u00e0 la tache pigment\u00e9e.\" \/>\n<meta name=\"robots\" content=\"index, follow, max-snippet:-1, max-image-preview:large, max-video-preview:-1\" \/>\n<link rel=\"canonical\" href=\"https:\/\/www.medicalskincare.be\/fr\/peelings\/tache-pigmentee\/\" \/>\n<meta property=\"og:locale\" content=\"fr_FR\" \/>\n<meta property=\"og:type\" content=\"article\" \/>\n<meta property=\"og:title\" content=\"Tache pigment\u00e9e | Medical Skincare - traitements esth\u00e9tiques\" \/>\n<meta property=\"og:description\" content=\"Nous proposons diff\u00e9rents peelings pour traiter les taches pigment\u00e9es. N\u2019h\u00e9sitez pas \u00e0 venir nous voir pour d\u00e9terminer quel peeling conviendra le mieux \u00e0 votre type de peau et \u00e0 la tache pigment\u00e9e.\" \/>\n<meta property=\"og:url\" content=\"https:\/\/www.medicalskincare.be\/fr\/peelings\/tache-pigmentee\/\" \/>\n<meta property=\"og:site_name\" content=\"Medical Skincare\" \/>\n<meta property=\"article:modified_time\" content=\"2021-03-05T12:04:42+00:00\" \/>\n<meta name=\"twitter:card\" content=\"summary_large_image\" \/>\n<script type=\"application\/ld+json\" class=\"yoast-schema-graph\">{\"@context\":\"https:\/\/schema.org\",\"@graph\":[{\"@type\":\"Organization\",\"@id\":\"https:\/\/www.medicalskincare.be\/fr\/#organization\",\"name\":\"Medical Skincare\",\"url\":\"https:\/\/www.medicalskincare.be\/fr\/\",\"sameAs\":[],\"logo\":{\"@type\":\"ImageObject\",\"@id\":\"https:\/\/www.medicalskincare.be\/fr\/#logo\",\"inLanguage\":\"fr-FR\",\"url\":\"https:\/\/www.medicalskincare.be\/wp-content\/uploads\/2019\/11\/Untitled-2.png\",\"width\":250,\"height\":250,\"caption\":\"Medical Skincare\"},\"image\":{\"@id\":\"https:\/\/www.medicalskincare.be\/fr\/#logo\"}},{\"@type\":\"WebSite\",\"@id\":\"https:\/\/www.medicalskincare.be\/fr\/#website\",\"url\":\"https:\/\/www.medicalskincare.be\/fr\/\",\"name\":\"Medical Skincare\",\"description\":\"Uw partner in dermatologie en esthetiek.\",\"publisher\":{\"@id\":\"https:\/\/www.medicalskincare.be\/fr\/#organization\"},\"potentialAction\":[{\"@type\":\"SearchAction\",\"target\":\"https:\/\/www.medicalskincare.be\/fr\/?s={search_term_string}\",\"query-input\":\"required name=search_term_string\"}],\"inLanguage\":\"fr-FR\"},{\"@type\":\"WebPage\",\"@id\":\"https:\/\/www.medicalskincare.be\/fr\/peelings\/tache-pigmentee\/#webpage\",\"url\":\"https:\/\/www.medicalskincare.be\/fr\/peelings\/tache-pigmentee\/\",\"name\":\"Tache pigment\\u00e9e | Medical Skincare - traitements esth\\u00e9tiques\",\"isPartOf\":{\"@id\":\"https:\/\/www.medicalskincare.be\/fr\/#website\"},\"datePublished\":\"2020-09-25T12:54:14+00:00\",\"dateModified\":\"2021-03-05T12:04:42+00:00\",\"description\":\"Nous proposons diff\\u00e9rents peelings pour traiter les taches pigment\\u00e9es. N\\u2019h\\u00e9sitez pas \\u00e0 venir nous voir pour d\\u00e9terminer quel peeling conviendra le mieux \\u00e0 votre type de peau et \\u00e0 la tache pigment\\u00e9e.\",\"inLanguage\":\"fr-FR\",\"potentialAction\":[{\"@type\":\"ReadAction\",\"target\":[\"https:\/\/www.medicalskincare.be\/fr\/peelings\/tache-pigmentee\/\"]}]}]}<\/script>\n<!-- \/ Yoast SEO plugin. -->","_links":{"self":[{"href":"https:\/\/www.medicalskincare.be\/fr\/wp-json\/wp\/v2\/pages\/3520"}],"collection":[{"href":"https:\/\/www.medicalskincare.be\/fr\/wp-json\/wp\/v2\/pages"}],"about":[{"href":"https:\/\/www.medicalskincare.be\/fr\/wp-json\/wp\/v2\/types\/page"}],"author":[{"embeddable":true,"href":"https:\/\/www.medicalskincare.be\/fr\/wp-json\/wp\/v2\/users\/1"}],"replies":[{"embeddable":true,"href":"https:\/\/www.medicalskincare.be\/fr\/wp-json\/wp\/v2\/comments?post=3520"}],"version-history":[{"count":2,"href":"https:\/\/www.medicalskincare.be\/fr\/wp-json\/wp\/v2\/pages\/3520\/revisions"}],"predecessor-version":[{"id":3933,"href":"https:\/\/www.medicalskincare.be\/fr\/wp-json\/wp\/v2\/pages\/3520\/revisions\/3933"}],"up":[{"embeddable":true,"href":"https:\/\/www.medicalskincare.be\/fr\/wp-json\/wp\/v2\/pages\/3530"}],"wp:attachment":[{"href":"https:\/\/www.medicalskincare.be\/fr\/wp-json\/wp\/v2\/media?parent=3520"}],"curies":[{"name":"wp","href":"https:\/\/api.w.org\/{rel}","templated":true}]}}